{"id":2149,"date":"2023-11-13T18:23:50","date_gmt":"2023-11-13T17:23:50","guid":{"rendered":"https:\/\/recerca.com\/?page_id=2149"},"modified":"2023-11-14T12:37:18","modified_gmt":"2023-11-14T11:37:18","slug":"asesoria-a-investigadores","status":"publish","type":"page","link":"https:\/\/recerca.com\/index.php\/asesoria-a-investigadores\/","title":{"rendered":"Asesor\u00eda a Investigadores"},"content":{"rendered":"\t\t<div data-elementor-type=\"wp-page\" data-elementor-id=\"2149\" class=\"elementor elementor-2149\">\n\t\t\t\t\t\t\t<div class=\"elementor-element elementor-element-6cdeb813 e-flex e-con-boxed e-con e-parent\" data-id=\"6cdeb813\" data-element_type=\"container\" data-settings=\"{&quot;content_width&quot;:&quot;boxed&quot;}\" data-core-v316-plus=\"true\">\n\t\t\t\t\t<div class=\"e-con-inner\">\n\t\t\t\t<div class=\"elementor-element elementor-element-72318256 elementor-widget elementor-widget-text-editor\" data-id=\"72318256\" data-element_type=\"widget\" data-widget_type=\"text-editor.default\">\n\t\t\t\t<div class=\"elementor-widget-container\">\n\t\t\t<style>\/*! elementor - v3.18.0 - 20-12-2023 *\/\n.elementor-widget-text-editor.elementor-drop-cap-view-stacked .elementor-drop-cap{background-color:#69727d;color:#fff}.elementor-widget-text-editor.elementor-drop-cap-view-framed .elementor-drop-cap{color:#69727d;border:3px solid;background-color:transparent}.elementor-widget-text-editor:not(.elementor-drop-cap-view-default) .elementor-drop-cap{margin-top:8px}.elementor-widget-text-editor:not(.elementor-drop-cap-view-default) .elementor-drop-cap-letter{width:1em;height:1em}.elementor-widget-text-editor .elementor-drop-cap{float:left;text-align:center;line-height:1;font-size:50px}.elementor-widget-text-editor .elementor-drop-cap-letter{display:inline-block}<\/style>\t\t\t\t<!-- wp:columns -->\n<div class=\"wp-block-columns\"><!-- wp:column -->\n<div class=\"wp-block-column\">\u00a0<\/div>\n<!-- \/wp:column --><!-- wp:column -->\n<div class=\"wp-block-column\"><!-- wp:image {\"id\":2150,\"sizeSlug\":\"large\",\"linkDestination\":\"none\"} -->\n<figure class=\"wp-block-image size-large\"><img fetchpriority=\"high\" decoding=\"async\" width=\"1024\" height=\"1024\" class=\"wp-image-2150\" src=\"https:\/\/recerca.com\/wp-content\/uploads\/2023\/11\/Company-cuate-1-1024x1024.png\" alt=\"\" srcset=\"https:\/\/recerca.com\/wp-content\/uploads\/2023\/11\/Company-cuate-1-1024x1024.png 1024w, https:\/\/recerca.com\/wp-content\/uploads\/2023\/11\/Company-cuate-1-300x300.png 300w, https:\/\/recerca.com\/wp-content\/uploads\/2023\/11\/Company-cuate-1-150x150.png 150w, https:\/\/recerca.com\/wp-content\/uploads\/2023\/11\/Company-cuate-1-768x768.png 768w, https:\/\/recerca.com\/wp-content\/uploads\/2023\/11\/Company-cuate-1-1536x1536.png 1536w, https:\/\/recerca.com\/wp-content\/uploads\/2023\/11\/Company-cuate-1-700x700.png 700w, https:\/\/recerca.com\/wp-content\/uploads\/2023\/11\/Company-cuate-1-520x520.png 520w, https:\/\/recerca.com\/wp-content\/uploads\/2023\/11\/Company-cuate-1-360x360.png 360w, https:\/\/recerca.com\/wp-content\/uploads\/2023\/11\/Company-cuate-1-250x250.png 250w, https:\/\/recerca.com\/wp-content\/uploads\/2023\/11\/Company-cuate-1-100x100.png 100w, https:\/\/recerca.com\/wp-content\/uploads\/2023\/11\/Company-cuate-1.png 2000w\" sizes=\"(max-width: 1024px) 100vw, 1024px\" \/><\/figure>\n<!-- \/wp:image --><\/div>\n<!-- \/wp:column --><!-- wp:column -->\n<div class=\"wp-block-column\">\u00a0<\/div>\n<!-- \/wp:column --><\/div>\n<!-- \/wp:columns --><!-- wp:paragraph -->\n<p>Desde hace a\u00f1os,\u00a0<strong>RECERCA.COM<\/strong>\u00a0ofrece la posibilidad de ser la mano ejecutora de los investigadores, analizando sus datos o con la monitorizaci\u00f3n de sus proyectos.<\/p>\n<!-- \/wp:paragraph --><!-- wp:paragraph -->\n<p>Cada vez son m\u00e1s los m\u00e9dicos, grupos colaboradores o sociedades cient\u00edficas que solicitan la financiaci\u00f3n de proyectos promovidos por ellos mismos.<\/p>\n<!-- \/wp:paragraph --><!-- wp:paragraph -->\n<p>La dificultad que tiene el m\u00e9dico actualmente para dedicar tiempo a la investigaci\u00f3n cl\u00ednica ha generado una demanda de soporte t\u00e9cnico y financiero por parte de la industria farmac\u00e9utica.<\/p>\n<!-- \/wp:paragraph --><!-- wp:paragraph -->\n<p>Por otro lado, cada vez es m\u00e1s dif\u00edcil que un estudio promovido por la industria suscite el inter\u00e9s de los l\u00edderes cient\u00edficos.<\/p>\n<!-- \/wp:paragraph --><!-- wp:paragraph -->\n<p>En ARNhealthcare somos intermediarios para llevar adelante los proyectos de investigaci\u00f3n cl\u00ednica-farmac\u00e9utica.<\/p>\n<!-- \/wp:paragraph --><!-- wp:paragraph -->\n<p>Nuestros clientes conf\u00edan en nuestra labor porque:<\/p>\n<!-- \/wp:paragraph --><!-- wp:list -->\n<ul><!-- wp:list-item -->\n<li>Generamos confianza.<\/li>\n<!-- \/wp:list-item --><!-- wp:list-item -->\n<li>Actuamos como interlocutores v\u00e1lidos e independientes entre la industria farmac\u00e9utica y los m\u00e9dicos.<\/li>\n<!-- \/wp:list-item --><!-- wp:list-item -->\n<li>Controlamos el gasto, como intermediarios hacemos controlable el gasto que comportan las financiaciones de estos grupos.<\/li>\n<!-- \/wp:list-item --><!-- wp:list-item -->\n<li>Aumentamos la satisfacci\u00f3n del m\u00e9dico.<\/li>\n<!-- \/wp:list-item --><\/ul>\n<!-- \/wp:list --><!-- wp:paragraph -->\n<p>Ofrecemos un amplio abanico de servicios que el m\u00e9dico sabe valorar, desde el soporte t\u00e9cnico (creaci\u00f3n y mantenimiento de bases de datos, introducci\u00f3n y manejo de datos, an\u00e1lisis\u00a0\u00a0 estad\u00edstico, elaboraci\u00f3n de informes de resultados, presentaciones,\u00a0<em>posters<\/em>\u00a0y art\u00edculos), al log\u00edstico (organizaci\u00f3n de reuniones, coordinaci\u00f3n de centros, controles de calidad u otros), al margen de proyectos concretos de investigaci\u00f3n (charlas o cursos sobre temas t\u00e9cnicos de bioestad\u00edstica y formaci\u00f3n de futuros investigadores).<\/p>\n<!-- \/wp:paragraph -->\t\t\t\t\t\t<\/div>\n\t\t\t\t<\/div>\n\t\t\t\t\t<\/div>\n\t\t\t\t<\/div>\n\t\t\t\t\t\t\t<\/div>\n\t\t","protected":false},"excerpt":{"rendered":"<p> [&hellip;]<\/p>\n","protected":false},"author":1,"featured_media":0,"parent":0,"menu_order":0,"comment_status":"closed","ping_status":"closed","template":"","meta":{"footnotes":""},"class_list":["post-2149","page","type-page","status-publish","hentry","clearfix"],"_links":{"self":[{"href":"https:\/\/recerca.com\/index.php\/wp-json\/wp\/v2\/pages\/2149","targetHints":{"allow":["GET"]}}],"collection":[{"href":"https:\/\/recerca.com\/index.php\/wp-json\/wp\/v2\/pages"}],"about":[{"href":"https:\/\/recerca.com\/index.php\/wp-json\/wp\/v2\/types\/page"}],"author":[{"embeddable":true,"href":"https:\/\/recerca.com\/index.php\/wp-json\/wp\/v2\/users\/1"}],"replies":[{"embeddable":true,"href":"https:\/\/recerca.com\/index.php\/wp-json\/wp\/v2\/comments?post=2149"}],"version-history":[{"count":4,"href":"https:\/\/recerca.com\/index.php\/wp-json\/wp\/v2\/pages\/2149\/revisions"}],"predecessor-version":[{"id":2205,"href":"https:\/\/recerca.com\/index.php\/wp-json\/wp\/v2\/pages\/2149\/revisions\/2205"}],"wp:attachment":[{"href":"https:\/\/recerca.com\/index.php\/wp-json\/wp\/v2\/media?parent=2149"}],"curies":[{"name":"wp","href":"https:\/\/api.w.org\/{rel}","templated":true}]}}