{"id":2143,"date":"2023-11-13T18:21:44","date_gmt":"2023-11-13T17:21:44","guid":{"rendered":"https:\/\/recerca.com\/?page_id=2143"},"modified":"2023-11-14T12:37:04","modified_gmt":"2023-11-14T11:37:04","slug":"medical-writing","status":"publish","type":"page","link":"https:\/\/recerca.com\/index.php\/medical-writing\/","title":{"rendered":"Medical Writing"},"content":{"rendered":"\t\t<div data-elementor-type=\"wp-page\" data-elementor-id=\"2143\" class=\"elementor elementor-2143\">\n\t\t\t\t\t\t\t<div class=\"elementor-element elementor-element-3c6eaede e-flex e-con-boxed e-con e-parent\" data-id=\"3c6eaede\" data-element_type=\"container\" data-settings=\"{&quot;content_width&quot;:&quot;boxed&quot;}\" data-core-v316-plus=\"true\">\n\t\t\t\t\t<div class=\"e-con-inner\">\n\t\t\t\t<div class=\"elementor-element elementor-element-5b35f112 elementor-widget elementor-widget-text-editor\" data-id=\"5b35f112\" data-element_type=\"widget\" data-widget_type=\"text-editor.default\">\n\t\t\t\t<div class=\"elementor-widget-container\">\n\t\t\t<style>\/*! elementor - v3.18.0 - 20-12-2023 *\/\n.elementor-widget-text-editor.elementor-drop-cap-view-stacked .elementor-drop-cap{background-color:#69727d;color:#fff}.elementor-widget-text-editor.elementor-drop-cap-view-framed .elementor-drop-cap{color:#69727d;border:3px solid;background-color:transparent}.elementor-widget-text-editor:not(.elementor-drop-cap-view-default) .elementor-drop-cap{margin-top:8px}.elementor-widget-text-editor:not(.elementor-drop-cap-view-default) .elementor-drop-cap-letter{width:1em;height:1em}.elementor-widget-text-editor .elementor-drop-cap{float:left;text-align:center;line-height:1;font-size:50px}.elementor-widget-text-editor .elementor-drop-cap-letter{display:inline-block}<\/style>\t\t\t\t<!-- wp:columns -->\n<div class=\"wp-block-columns\"><!-- wp:column -->\n<div class=\"wp-block-column\">\u00a0<\/div>\n<!-- \/wp:column --><!-- wp:column -->\n<div class=\"wp-block-column\"><!-- wp:image {\"id\":2144,\"sizeSlug\":\"large\",\"linkDestination\":\"none\"} -->\n<figure class=\"wp-block-image size-large\"><img fetchpriority=\"high\" decoding=\"async\" width=\"1024\" height=\"1024\" class=\"wp-image-2144\" src=\"https:\/\/recerca.com\/wp-content\/uploads\/2023\/11\/Researchers-pana-1-1024x1024.png\" alt=\"\" srcset=\"https:\/\/recerca.com\/wp-content\/uploads\/2023\/11\/Researchers-pana-1-1024x1024.png 1024w, https:\/\/recerca.com\/wp-content\/uploads\/2023\/11\/Researchers-pana-1-300x300.png 300w, https:\/\/recerca.com\/wp-content\/uploads\/2023\/11\/Researchers-pana-1-150x150.png 150w, https:\/\/recerca.com\/wp-content\/uploads\/2023\/11\/Researchers-pana-1-768x768.png 768w, https:\/\/recerca.com\/wp-content\/uploads\/2023\/11\/Researchers-pana-1-1536x1536.png 1536w, https:\/\/recerca.com\/wp-content\/uploads\/2023\/11\/Researchers-pana-1-700x700.png 700w, https:\/\/recerca.com\/wp-content\/uploads\/2023\/11\/Researchers-pana-1-520x520.png 520w, https:\/\/recerca.com\/wp-content\/uploads\/2023\/11\/Researchers-pana-1-360x360.png 360w, https:\/\/recerca.com\/wp-content\/uploads\/2023\/11\/Researchers-pana-1-250x250.png 250w, https:\/\/recerca.com\/wp-content\/uploads\/2023\/11\/Researchers-pana-1-100x100.png 100w, https:\/\/recerca.com\/wp-content\/uploads\/2023\/11\/Researchers-pana-1.png 2000w\" sizes=\"(max-width: 1024px) 100vw, 1024px\" \/><\/figure>\n<!-- \/wp:image --><\/div>\n<!-- \/wp:column --><!-- wp:column -->\n<div class=\"wp-block-column\">\u00a0<\/div>\n<!-- \/wp:column --><\/div>\n<!-- \/wp:columns --><!-- wp:paragraph -->\n<p>Desde hace tiempo y por diversos motivos hemos asistido a un incremento notable de las iniciativas de investigaci\u00f3n en medicina. Ello genera en muchos casos una sobrecarga de este tipo de tareas para los m\u00e9dicos\/investigadores.<\/p>\n<!-- \/wp:paragraph --><!-- wp:paragraph -->\n<p>El personal m\u00e9dico de\u00a0<strong>RECERCA.COM<\/strong>\u00a0tiene una amplia experiencia en la elaboraci\u00f3n y edici\u00f3n de textos biom\u00e9dicos, orientados a la divulgaci\u00f3n cient\u00edfica, ya sea como manuscritos para revistas, presentaciones para congresos o material formativo.<\/p>\n<!-- \/wp:paragraph --><!-- wp:paragraph -->\n<p>Por tanto, podemos ofrecer con plazos de tiempo razonables y garantizando la correcci\u00f3n de los materiales generados, servicios de redacci\u00f3n en los siguientes \u00e1mbitos:<\/p>\n<!-- \/wp:paragraph --><!-- wp:list -->\n<ul><!-- wp:list-item -->\n<li>Protocolos<\/li>\n<!-- \/wp:list-item --><!-- wp:list-item -->\n<li>Informes cl\u00ednicos<\/li>\n<!-- \/wp:list-item --><!-- wp:list-item -->\n<li>Separatas<\/li>\n<!-- \/wp:list-item --><!-- wp:list-item -->\n<li>Manuscritos para su publicaci\u00f3n en revistas cient\u00edficas:<\/li>\n<!-- \/wp:list-item --><!-- wp:list-item -->\n<li>Redacci\u00f3n total o parcial del art\u00edculo<\/li>\n<!-- \/wp:list-item --><!-- wp:list-item -->\n<li>Presentaci\u00f3n a la revista<\/li>\n<!-- \/wp:list-item --><!-- wp:list-item -->\n<li>Resoluci\u00f3n de correcciones\/aclaraciones solicitadas por la revista<\/li>\n<!-- \/wp:list-item --><!-- wp:list-item -->\n<li><em>Abstracts<\/em>\u00a0y presentaci\u00f3n a congresos<\/li>\n<!-- \/wp:list-item --><!-- wp:list-item -->\n<li><em>Posters<\/em><\/li>\n<!-- \/wp:list-item --><\/ul>\n<!-- \/wp:list -->\t\t\t\t\t\t<\/div>\n\t\t\t\t<\/div>\n\t\t\t\t\t<\/div>\n\t\t\t\t<\/div>\n\t\t\t\t\t\t\t<\/div>\n\t\t","protected":false},"excerpt":{"rendered":"<p> [&hellip;]<\/p>\n","protected":false},"author":1,"featured_media":0,"parent":0,"menu_order":0,"comment_status":"closed","ping_status":"closed","template":"","meta":{"footnotes":""},"class_list":["post-2143","page","type-page","status-publish","hentry","clearfix"],"_links":{"self":[{"href":"https:\/\/recerca.com\/index.php\/wp-json\/wp\/v2\/pages\/2143","targetHints":{"allow":["GET"]}}],"collection":[{"href":"https:\/\/recerca.com\/index.php\/wp-json\/wp\/v2\/pages"}],"about":[{"href":"https:\/\/recerca.com\/index.php\/wp-json\/wp\/v2\/types\/page"}],"author":[{"embeddable":true,"href":"https:\/\/recerca.com\/index.php\/wp-json\/wp\/v2\/users\/1"}],"replies":[{"embeddable":true,"href":"https:\/\/recerca.com\/index.php\/wp-json\/wp\/v2\/comments?post=2143"}],"version-history":[{"count":4,"href":"https:\/\/recerca.com\/index.php\/wp-json\/wp\/v2\/pages\/2143\/revisions"}],"predecessor-version":[{"id":2202,"href":"https:\/\/recerca.com\/index.php\/wp-json\/wp\/v2\/pages\/2143\/revisions\/2202"}],"wp:attachment":[{"href":"https:\/\/recerca.com\/index.php\/wp-json\/wp\/v2\/media?parent=2143"}],"curies":[{"name":"wp","href":"https:\/\/api.w.org\/{rel}","templated":true}]}}