{"id":2128,"date":"2023-11-13T18:17:46","date_gmt":"2023-11-13T17:17:46","guid":{"rendered":"https:\/\/recerca.com\/?page_id=2128"},"modified":"2023-11-13T18:17:46","modified_gmt":"2023-11-13T17:17:46","slug":"redaccion-creativa","status":"publish","type":"page","link":"https:\/\/recerca.com\/index.php\/redaccion-creativa\/","title":{"rendered":"Redacci\u00f3n Creativa"},"content":{"rendered":"\n<div class=\"wp-block-columns is-layout-flex wp-container-core-columns-is-layout-9d6595d7 wp-block-columns-is-layout-flex\">\n<div class=\"wp-block-column is-layout-flow wp-block-column-is-layout-flow\"><\/div>\n\n\n\n<div class=\"wp-block-column is-layout-flow wp-block-column-is-layout-flow\">\n<figure class=\"wp-block-image size-large\"><img fetchpriority=\"high\" decoding=\"async\" width=\"1024\" height=\"1024\" src=\"https:\/\/recerca.com\/wp-content\/uploads\/2023\/11\/Strategic-consulting-rafiki-2-1024x1024.png\" alt=\"\" class=\"wp-image-2129\" srcset=\"https:\/\/recerca.com\/wp-content\/uploads\/2023\/11\/Strategic-consulting-rafiki-2-1024x1024.png 1024w, https:\/\/recerca.com\/wp-content\/uploads\/2023\/11\/Strategic-consulting-rafiki-2-300x300.png 300w, https:\/\/recerca.com\/wp-content\/uploads\/2023\/11\/Strategic-consulting-rafiki-2-150x150.png 150w, https:\/\/recerca.com\/wp-content\/uploads\/2023\/11\/Strategic-consulting-rafiki-2-768x768.png 768w, https:\/\/recerca.com\/wp-content\/uploads\/2023\/11\/Strategic-consulting-rafiki-2-1536x1536.png 1536w, https:\/\/recerca.com\/wp-content\/uploads\/2023\/11\/Strategic-consulting-rafiki-2-700x700.png 700w, https:\/\/recerca.com\/wp-content\/uploads\/2023\/11\/Strategic-consulting-rafiki-2-520x520.png 520w, https:\/\/recerca.com\/wp-content\/uploads\/2023\/11\/Strategic-consulting-rafiki-2-360x360.png 360w, https:\/\/recerca.com\/wp-content\/uploads\/2023\/11\/Strategic-consulting-rafiki-2-250x250.png 250w, https:\/\/recerca.com\/wp-content\/uploads\/2023\/11\/Strategic-consulting-rafiki-2-100x100.png 100w, https:\/\/recerca.com\/wp-content\/uploads\/2023\/11\/Strategic-consulting-rafiki-2.png 2000w\" sizes=\"(max-width: 1024px) 100vw, 1024px\" \/><\/figure>\n<\/div>\n\n\n\n<div class=\"wp-block-column is-layout-flow wp-block-column-is-layout-flow\"><\/div>\n<\/div>\n\n\n\n<p>Ponemos nuestra creatividad al servicio de su Objetivo Promocional. A partir de hallazgos cient\u00edficos creamos:<\/p>\n\n\n\n<ul class=\"wp-block-list\">\n<li>Contenidos de d\u00edpticos de divulgaci\u00f3n promocional (Slogans y CopyCreativo)<\/li>\n\n\n\n<li>Campa\u00f1as divulgaci\u00f3n de hallazgos cient\u00edficos y variables comparativas<\/li>\n\n\n\n<li>Cr\u00f3nicas de Evoluci\u00f3n de Productos en el mercado<\/li>\n<\/ul>\n","protected":false},"excerpt":{"rendered":"<p> [&hellip;]<\/p>\n","protected":false},"author":1,"featured_media":0,"parent":0,"menu_order":0,"comment_status":"closed","ping_status":"closed","template":"","meta":{"footnotes":""},"class_list":["post-2128","page","type-page","status-publish","hentry","clearfix"],"_links":{"self":[{"href":"https:\/\/recerca.com\/index.php\/wp-json\/wp\/v2\/pages\/2128","targetHints":{"allow":["GET"]}}],"collection":[{"href":"https:\/\/recerca.com\/index.php\/wp-json\/wp\/v2\/pages"}],"about":[{"href":"https:\/\/recerca.com\/index.php\/wp-json\/wp\/v2\/types\/page"}],"author":[{"embeddable":true,"href":"https:\/\/recerca.com\/index.php\/wp-json\/wp\/v2\/users\/1"}],"replies":[{"embeddable":true,"href":"https:\/\/recerca.com\/index.php\/wp-json\/wp\/v2\/comments?post=2128"}],"version-history":[{"count":1,"href":"https:\/\/recerca.com\/index.php\/wp-json\/wp\/v2\/pages\/2128\/revisions"}],"predecessor-version":[{"id":2130,"href":"https:\/\/recerca.com\/index.php\/wp-json\/wp\/v2\/pages\/2128\/revisions\/2130"}],"wp:attachment":[{"href":"https:\/\/recerca.com\/index.php\/wp-json\/wp\/v2\/media?parent=2128"}],"curies":[{"name":"wp","href":"https:\/\/api.w.org\/{rel}","templated":true}]}}