{"id":2116,"date":"2023-11-13T18:13:48","date_gmt":"2023-11-13T17:13:48","guid":{"rendered":"https:\/\/recerca.com\/?page_id=2116"},"modified":"2023-11-14T12:36:30","modified_gmt":"2023-11-14T11:36:30","slug":"monitorizacion","status":"publish","type":"page","link":"https:\/\/recerca.com\/index.php\/monitorizacion\/","title":{"rendered":"Monitorizaci\u00f3n"},"content":{"rendered":"\t\t<div data-elementor-type=\"wp-page\" data-elementor-id=\"2116\" class=\"elementor elementor-2116\">\n\t\t\t\t\t\t\t<div class=\"elementor-element elementor-element-3e5bc29 e-flex e-con-boxed e-con e-parent\" data-id=\"3e5bc29\" data-element_type=\"container\" data-settings=\"{&quot;content_width&quot;:&quot;boxed&quot;}\" data-core-v316-plus=\"true\">\n\t\t\t\t\t<div class=\"e-con-inner\">\n\t\t\t\t<div class=\"elementor-element elementor-element-3c1f5c70 elementor-widget elementor-widget-text-editor\" data-id=\"3c1f5c70\" data-element_type=\"widget\" data-widget_type=\"text-editor.default\">\n\t\t\t\t<div class=\"elementor-widget-container\">\n\t\t\t<style>\/*! elementor - v3.18.0 - 20-12-2023 *\/\n.elementor-widget-text-editor.elementor-drop-cap-view-stacked .elementor-drop-cap{background-color:#69727d;color:#fff}.elementor-widget-text-editor.elementor-drop-cap-view-framed .elementor-drop-cap{color:#69727d;border:3px solid;background-color:transparent}.elementor-widget-text-editor:not(.elementor-drop-cap-view-default) .elementor-drop-cap{margin-top:8px}.elementor-widget-text-editor:not(.elementor-drop-cap-view-default) .elementor-drop-cap-letter{width:1em;height:1em}.elementor-widget-text-editor .elementor-drop-cap{float:left;text-align:center;line-height:1;font-size:50px}.elementor-widget-text-editor .elementor-drop-cap-letter{display:inline-block}<\/style>\t\t\t\t<!-- wp:columns -->\n<div class=\"wp-block-columns\"><!-- wp:column -->\n<div class=\"wp-block-column\">\u00a0<\/div>\n<!-- \/wp:column --><!-- wp:column -->\n<div class=\"wp-block-column\"><!-- wp:image {\"id\":2117,\"sizeSlug\":\"large\",\"linkDestination\":\"none\"} -->\n<figure class=\"wp-block-image size-large\"><img fetchpriority=\"high\" decoding=\"async\" width=\"1024\" height=\"1024\" class=\"wp-image-2117\" src=\"https:\/\/recerca.com\/wp-content\/uploads\/2023\/11\/Process-pana-1-1024x1024.png\" alt=\"\" srcset=\"https:\/\/recerca.com\/wp-content\/uploads\/2023\/11\/Process-pana-1-1024x1024.png 1024w, https:\/\/recerca.com\/wp-content\/uploads\/2023\/11\/Process-pana-1-300x300.png 300w, https:\/\/recerca.com\/wp-content\/uploads\/2023\/11\/Process-pana-1-150x150.png 150w, https:\/\/recerca.com\/wp-content\/uploads\/2023\/11\/Process-pana-1-768x768.png 768w, https:\/\/recerca.com\/wp-content\/uploads\/2023\/11\/Process-pana-1-1536x1536.png 1536w, https:\/\/recerca.com\/wp-content\/uploads\/2023\/11\/Process-pana-1-700x700.png 700w, https:\/\/recerca.com\/wp-content\/uploads\/2023\/11\/Process-pana-1-520x520.png 520w, https:\/\/recerca.com\/wp-content\/uploads\/2023\/11\/Process-pana-1-360x360.png 360w, https:\/\/recerca.com\/wp-content\/uploads\/2023\/11\/Process-pana-1-250x250.png 250w, https:\/\/recerca.com\/wp-content\/uploads\/2023\/11\/Process-pana-1-100x100.png 100w, https:\/\/recerca.com\/wp-content\/uploads\/2023\/11\/Process-pana-1.png 2000w\" sizes=\"(max-width: 1024px) 100vw, 1024px\" \/><\/figure>\n<!-- \/wp:image --><\/div>\n<!-- \/wp:column --><!-- wp:column -->\n<div class=\"wp-block-column\">\u00a0<\/div>\n<!-- \/wp:column --><\/div>\n<!-- \/wp:columns --><!-- wp:paragraph -->\n<p>La monitorizaci\u00f3n forma parte integral de cualquier ensayo cl\u00ednico, as\u00ed como en otros proyectos de investigaci\u00f3n.<\/p>\n<!-- \/wp:paragraph --><!-- wp:paragraph -->\n<p>En\u00a0<strong>RECERCA.COM<\/strong>\u00a0podemos proporcionarle los monitores que su proyecto requiera, ya sea como servicio o como contrataci\u00f3n de personal cualificado.<\/p>\n<!-- \/wp:paragraph --><!-- wp:paragraph -->\n<p>Nos adaptamos a las necesidades espec\u00edficas de cada proyecto, ya sea la monitorizaci\u00f3n presencial propia de los ensayos cl\u00ednicos, o la monitorizaci\u00f3n exigida en los estudios post-autorizaci\u00f3n (control de calidad no presencial).<\/p>\n<!-- \/wp:paragraph --><!-- wp:paragraph -->\n<p>Disponemos de sistemas para garantizar el adecuado desarrollo del estudio y la calidad de los datos recogidos, permitiendo as\u00ed ofrecer una monitorizaci\u00f3n de bajo coste al reducir las visitas presenciales.<\/p>\n<!-- \/wp:paragraph --><!-- wp:paragraph -->\n<p>Tambi\u00e9n tenemos soluciones para monitorizar y verificar la calidad de la informaci\u00f3n recopilada en estudios financiados por la industria farmac\u00e9utica fuera del \u00e1mbito de los ensayos cl\u00ednicos, garantizando de esta forma que la inversi\u00f3n de nuestros clientes goce del rigor cient\u00edfico necesario para su divulgaci\u00f3n.<\/p>\n<!-- \/wp:paragraph --><!-- wp:paragraph -->\n<p>Nuestro servicio de monitorizaci\u00f3n incluye:<\/p>\n<!-- \/wp:paragraph --><!-- wp:list -->\n<ul><!-- wp:list-item -->\n<li>Visitas de monitorizaci\u00f3n<!-- wp:list -->\n<ul><!-- wp:list-item -->\n<li>Visita de inicio<\/li>\n<!-- \/wp:list-item --><!-- wp:list-item -->\n<li>Visitas de seguimiento<\/li>\n<!-- \/wp:list-item --><!-- wp:list-item -->\n<li>Visita de finalizaci\u00f3n \/ cierre del centro<\/li>\n<!-- \/wp:list-item --><\/ul>\n<!-- \/wp:list --><\/li>\n<!-- \/wp:list-item --><!-- wp:list-item -->\n<li>Monitorizaci\u00f3n telef\u00f3nica<\/li>\n<!-- \/wp:list-item --><!-- wp:list-item -->\n<li>Control de calidad de datos<\/li>\n<!-- \/wp:list-item --><!-- wp:list-item -->\n<li>Auditor\u00edas<\/li>\n<!-- \/wp:list-item --><\/ul>\n<!-- \/wp:list --><!-- wp:paragraph -->\n<p>Las modalidades de monitorizaci\u00f3n que implementamos pueden ser:<\/p>\n<!-- \/wp:paragraph --><!-- wp:list -->\n<ul><!-- wp:list-item -->\n<li>Presencial<\/li>\n<!-- \/wp:list-item --><!-- wp:list-item -->\n<li>Remota telef\u00f3nica<\/li>\n<!-- \/wp:list-item --><!-- wp:list-item -->\n<li>On-line<\/li>\n<!-- \/wp:list-item --><!-- wp:list-item -->\n<li>Mixta<\/li>\n<!-- \/wp:list-item --><\/ul>\n<!-- \/wp:list -->\t\t\t\t\t\t<\/div>\n\t\t\t\t<\/div>\n\t\t\t\t\t<\/div>\n\t\t\t\t<\/div>\n\t\t\t\t\t\t\t<\/div>\n\t\t","protected":false},"excerpt":{"rendered":"<p> [&hellip;]<\/p>\n","protected":false},"author":1,"featured_media":0,"parent":0,"menu_order":0,"comment_status":"closed","ping_status":"closed","template":"","meta":{"footnotes":""},"class_list":["post-2116","page","type-page","status-publish","hentry","clearfix"],"_links":{"self":[{"href":"https:\/\/recerca.com\/index.php\/wp-json\/wp\/v2\/pages\/2116","targetHints":{"allow":["GET"]}}],"collection":[{"href":"https:\/\/recerca.com\/index.php\/wp-json\/wp\/v2\/pages"}],"about":[{"href":"https:\/\/recerca.com\/index.php\/wp-json\/wp\/v2\/types\/page"}],"author":[{"embeddable":true,"href":"https:\/\/recerca.com\/index.php\/wp-json\/wp\/v2\/users\/1"}],"replies":[{"embeddable":true,"href":"https:\/\/recerca.com\/index.php\/wp-json\/wp\/v2\/comments?post=2116"}],"version-history":[{"count":4,"href":"https:\/\/recerca.com\/index.php\/wp-json\/wp\/v2\/pages\/2116\/revisions"}],"predecessor-version":[{"id":2196,"href":"https:\/\/recerca.com\/index.php\/wp-json\/wp\/v2\/pages\/2116\/revisions\/2196"}],"wp:attachment":[{"href":"https:\/\/recerca.com\/index.php\/wp-json\/wp\/v2\/media?parent=2116"}],"curies":[{"name":"wp","href":"https:\/\/api.w.org\/{rel}","templated":true}]}}