{"id":2108,"date":"2023-11-13T18:11:11","date_gmt":"2023-11-13T17:11:11","guid":{"rendered":"https:\/\/recerca.com\/?page_id=2108"},"modified":"2023-11-13T18:11:11","modified_gmt":"2023-11-13T17:11:11","slug":"gestion-de-datos-y-logistica","status":"publish","type":"page","link":"https:\/\/recerca.com\/index.php\/gestion-de-datos-y-logistica\/","title":{"rendered":"Gesti\u00f3n de datos y log\u00edstica"},"content":{"rendered":"\n<div class=\"wp-block-columns is-layout-flex wp-container-core-columns-is-layout-9d6595d7 wp-block-columns-is-layout-flex\">\n<div class=\"wp-block-column is-layout-flow wp-block-column-is-layout-flow\"><\/div>\n\n\n\n<div class=\"wp-block-column is-layout-flow wp-block-column-is-layout-flow\">\n<figure class=\"wp-block-image size-large\"><img fetchpriority=\"high\" decoding=\"async\" width=\"1024\" height=\"1024\" src=\"https:\/\/recerca.com\/wp-content\/uploads\/2023\/11\/Pair-programming-pana-3-1024x1024.png\" alt=\"\" class=\"wp-image-2111\" srcset=\"https:\/\/recerca.com\/wp-content\/uploads\/2023\/11\/Pair-programming-pana-3-1024x1024.png 1024w, https:\/\/recerca.com\/wp-content\/uploads\/2023\/11\/Pair-programming-pana-3-300x300.png 300w, https:\/\/recerca.com\/wp-content\/uploads\/2023\/11\/Pair-programming-pana-3-150x150.png 150w, https:\/\/recerca.com\/wp-content\/uploads\/2023\/11\/Pair-programming-pana-3-768x768.png 768w, https:\/\/recerca.com\/wp-content\/uploads\/2023\/11\/Pair-programming-pana-3-1536x1536.png 1536w, https:\/\/recerca.com\/wp-content\/uploads\/2023\/11\/Pair-programming-pana-3-700x700.png 700w, https:\/\/recerca.com\/wp-content\/uploads\/2023\/11\/Pair-programming-pana-3-520x520.png 520w, https:\/\/recerca.com\/wp-content\/uploads\/2023\/11\/Pair-programming-pana-3-360x360.png 360w, https:\/\/recerca.com\/wp-content\/uploads\/2023\/11\/Pair-programming-pana-3-250x250.png 250w, https:\/\/recerca.com\/wp-content\/uploads\/2023\/11\/Pair-programming-pana-3-100x100.png 100w, https:\/\/recerca.com\/wp-content\/uploads\/2023\/11\/Pair-programming-pana-3.png 2000w\" sizes=\"(max-width: 1024px) 100vw, 1024px\" \/><\/figure>\n<\/div>\n\n\n\n<div class=\"wp-block-column is-layout-flow wp-block-column-is-layout-flow\"><\/div>\n<\/div>\n\n\n\n<p>Mantenemos un elevado est\u00e1ndar de calidad en los procedimientos de validaci\u00f3n y codificaci\u00f3n de los datos.<\/p>\n\n\n\n<p>Entre las medidas adoptadas para ello se incluyen: pantallas espec\u00edficas para la entrada de datos, uso de estrategias de doble introducci\u00f3n y verificaci\u00f3n de datos importantes para cada cuaderno de recogida de datos (CRD).<\/p>\n\n\n\n<p>Sin olvidar el car\u00e1cter estrictamente cient\u00edfico de la recogida de datos,\u00a0poniendo especial atenci\u00f3n en otros dos aspectos claves: la detecci\u00f3n y resoluci\u00f3n de problemas que facilitan la monitorizaci\u00f3n y la puntual informaci\u00f3n al cliente del desarrollo del estudio.<\/p>\n\n\n\n<p>Utilizamos una plataforma on-line multiling\u00fce que nos permite trabajar a nivel internacional y obtener informaci\u00f3n y reportes del avance de los estudios en tiempo real.<\/p>\n\n\n\n<ul class=\"wp-block-list\">\n<li>Creaci\u00f3n de bases de datos<\/li>\n\n\n\n<li>Creaci\u00f3n de cuestionarios electr\u00f3nicos<\/li>\n\n\n\n<li>Codificaci\u00f3n de datos<\/li>\n\n\n\n<li>Introducci\u00f3n de datos<\/li>\n\n\n\n<li>Validaci\u00f3n\/depuraci\u00f3n de datos<\/li>\n\n\n\n<li>Notificaci\u00f3n al cliente sobre los datos recogidos<\/li>\n\n\n\n<li>Generaci\u00f3n de&nbsp;<em>queries<\/em><\/li>\n\n\n\n<li>Aplicaci\u00f3n de la normativa vigente sobre protecci\u00f3n de datos<\/li>\n<\/ul>\n","protected":false},"excerpt":{"rendered":"<p> [&hellip;]<\/p>\n","protected":false},"author":1,"featured_media":0,"parent":0,"menu_order":0,"comment_status":"closed","ping_status":"closed","template":"","meta":{"footnotes":""},"class_list":["post-2108","page","type-page","status-publish","hentry","clearfix"],"_links":{"self":[{"href":"https:\/\/recerca.com\/index.php\/wp-json\/wp\/v2\/pages\/2108","targetHints":{"allow":["GET"]}}],"collection":[{"href":"https:\/\/recerca.com\/index.php\/wp-json\/wp\/v2\/pages"}],"about":[{"href":"https:\/\/recerca.com\/index.php\/wp-json\/wp\/v2\/types\/page"}],"author":[{"embeddable":true,"href":"https:\/\/recerca.com\/index.php\/wp-json\/wp\/v2\/users\/1"}],"replies":[{"embeddable":true,"href":"https:\/\/recerca.com\/index.php\/wp-json\/wp\/v2\/comments?post=2108"}],"version-history":[{"count":1,"href":"https:\/\/recerca.com\/index.php\/wp-json\/wp\/v2\/pages\/2108\/revisions"}],"predecessor-version":[{"id":2112,"href":"https:\/\/recerca.com\/index.php\/wp-json\/wp\/v2\/pages\/2108\/revisions\/2112"}],"wp:attachment":[{"href":"https:\/\/recerca.com\/index.php\/wp-json\/wp\/v2\/media?parent=2108"}],"curies":[{"name":"wp","href":"https:\/\/api.w.org\/{rel}","templated":true}]}}