{"id":2062,"date":"2023-11-13T17:32:55","date_gmt":"2023-11-13T16:32:55","guid":{"rendered":"https:\/\/recerca.com\/?page_id=2062"},"modified":"2023-11-14T12:35:54","modified_gmt":"2023-11-14T11:35:54","slug":"nuestro-equipo","status":"publish","type":"page","link":"https:\/\/recerca.com\/index.php\/nuestro-equipo\/","title":{"rendered":"Nuestro Equipo"},"content":{"rendered":"\t\t<div data-elementor-type=\"wp-page\" data-elementor-id=\"2062\" class=\"elementor elementor-2062\">\n\t\t\t\t\t\t\t<div class=\"elementor-element elementor-element-29d163c5 e-flex e-con-boxed e-con e-parent\" data-id=\"29d163c5\" data-element_type=\"container\" data-settings=\"{&quot;content_width&quot;:&quot;boxed&quot;}\" data-core-v316-plus=\"true\">\n\t\t\t\t\t<div class=\"e-con-inner\">\n\t\t\t\t<div class=\"elementor-element elementor-element-5bff6595 elementor-widget elementor-widget-text-editor\" data-id=\"5bff6595\" data-element_type=\"widget\" data-widget_type=\"text-editor.default\">\n\t\t\t\t<div class=\"elementor-widget-container\">\n\t\t\t<style>\/*! elementor - v3.18.0 - 20-12-2023 *\/\n.elementor-widget-text-editor.elementor-drop-cap-view-stacked .elementor-drop-cap{background-color:#69727d;color:#fff}.elementor-widget-text-editor.elementor-drop-cap-view-framed .elementor-drop-cap{color:#69727d;border:3px solid;background-color:transparent}.elementor-widget-text-editor:not(.elementor-drop-cap-view-default) .elementor-drop-cap{margin-top:8px}.elementor-widget-text-editor:not(.elementor-drop-cap-view-default) .elementor-drop-cap-letter{width:1em;height:1em}.elementor-widget-text-editor .elementor-drop-cap{float:left;text-align:center;line-height:1;font-size:50px}.elementor-widget-text-editor .elementor-drop-cap-letter{display:inline-block}<\/style>\t\t\t\t<!-- wp:paragraph -->\n<p>Somos emprendedores que hemos decidido sumar experiencia e innovaci\u00f3n.<\/p>\n<!-- \/wp:paragraph --><!-- wp:paragraph -->\n<p>Estamos organizados en una estructura horizontal orientada a generar el impulso log\u00edstico necesario para la \u00f3ptima vinculaci\u00f3n de la ciencia y las relaciones p\u00fablicas.<\/p>\n<!-- \/wp:paragraph --><!-- wp:paragraph -->\n<p><strong>RECERCA.COM<\/strong> como divisi\u00f3n de marketing cl\u00ednico farmac\u00e9utico de <strong><a href=\"https:\/\/ghdatascience.com\/about\/\">GREENHOUSE DATA SCIENCE<\/a><\/strong> est\u00e1 conformada por 5 \u00e1reas operativas:<\/p>\n<!-- \/wp:paragraph --><!-- wp:paragraph -->\n<p>Departamento M\u00e9dico<\/p>\n<!-- \/wp:paragraph --><!-- wp:paragraph -->\n<p>Departamento de Marketing<\/p>\n<!-- \/wp:paragraph --><!-- wp:paragraph -->\n<p>Departamento de Bioestad\u00edstica<\/p>\n<!-- \/wp:paragraph --><!-- wp:paragraph -->\n<p>Departamento de IT<\/p>\n<!-- \/wp:paragraph --><!-- wp:paragraph -->\n<p>Departamento Legal y Administrativo<\/p>\n<!-- \/wp:paragraph --><!-- wp:paragraph -->\n<p>Nuestra prioridad es satisfacer siempre las necesidades de nuestros clientes de una forma personalizada, ofreciendo la ayuda y los medios necesarios para la viabilidad de los proyectos, aunando esfuerzos y asumiendo sus objetivos como propios.<\/p>\n<!-- \/wp:paragraph -->\t\t\t\t\t\t<\/div>\n\t\t\t\t<\/div>\n\t\t\t\t\t<\/div>\n\t\t\t\t<\/div>\n\t\t\t\t\t\t\t<\/div>\n\t\t","protected":false},"excerpt":{"rendered":"<p> [&hellip;]<\/p>\n","protected":false},"author":4,"featured_media":0,"parent":0,"menu_order":0,"comment_status":"closed","ping_status":"closed","template":"","meta":{"footnotes":""},"class_list":["post-2062","page","type-page","status-publish","hentry","clearfix"],"_links":{"self":[{"href":"https:\/\/recerca.com\/index.php\/wp-json\/wp\/v2\/pages\/2062","targetHints":{"allow":["GET"]}}],"collection":[{"href":"https:\/\/recerca.com\/index.php\/wp-json\/wp\/v2\/pages"}],"about":[{"href":"https:\/\/recerca.com\/index.php\/wp-json\/wp\/v2\/types\/page"}],"author":[{"embeddable":true,"href":"https:\/\/recerca.com\/index.php\/wp-json\/wp\/v2\/users\/4"}],"replies":[{"embeddable":true,"href":"https:\/\/recerca.com\/index.php\/wp-json\/wp\/v2\/comments?post=2062"}],"version-history":[{"count":4,"href":"https:\/\/recerca.com\/index.php\/wp-json\/wp\/v2\/pages\/2062\/revisions"}],"predecessor-version":[{"id":2193,"href":"https:\/\/recerca.com\/index.php\/wp-json\/wp\/v2\/pages\/2062\/revisions\/2193"}],"wp:attachment":[{"href":"https:\/\/recerca.com\/index.php\/wp-json\/wp\/v2\/media?parent=2062"}],"curies":[{"name":"wp","href":"https:\/\/api.w.org\/{rel}","templated":true}]}}