{"id":2043,"date":"2023-11-13T15:36:21","date_gmt":"2023-11-13T14:36:21","guid":{"rendered":"https:\/\/recerca.com\/?page_id=2043"},"modified":"2023-11-13T15:47:02","modified_gmt":"2023-11-13T14:47:02","slug":"direccion-de-proyectos","status":"publish","type":"page","link":"https:\/\/recerca.com\/index.php\/direccion-de-proyectos\/","title":{"rendered":"Direcci\u00f3n de proyectos"},"content":{"rendered":"\n<div class=\"wp-block-columns is-layout-flex wp-container-core-columns-is-layout-9d6595d7 wp-block-columns-is-layout-flex\">\n<div class=\"wp-block-column is-layout-flow wp-block-column-is-layout-flow\"><\/div>\n\n\n\n<div class=\"wp-block-column is-layout-flow wp-block-column-is-layout-flow\">\n<figure class=\"wp-block-image size-large\"><img fetchpriority=\"high\" decoding=\"async\" width=\"1024\" height=\"1024\" src=\"https:\/\/recerca.com\/wp-content\/uploads\/2023\/11\/Starting-a-business-project-pana-3-1024x1024.png\" alt=\"\" class=\"wp-image-2059\" srcset=\"https:\/\/recerca.com\/wp-content\/uploads\/2023\/11\/Starting-a-business-project-pana-3-1024x1024.png 1024w, https:\/\/recerca.com\/wp-content\/uploads\/2023\/11\/Starting-a-business-project-pana-3-300x300.png 300w, https:\/\/recerca.com\/wp-content\/uploads\/2023\/11\/Starting-a-business-project-pana-3-150x150.png 150w, https:\/\/recerca.com\/wp-content\/uploads\/2023\/11\/Starting-a-business-project-pana-3-768x768.png 768w, https:\/\/recerca.com\/wp-content\/uploads\/2023\/11\/Starting-a-business-project-pana-3-1536x1536.png 1536w, https:\/\/recerca.com\/wp-content\/uploads\/2023\/11\/Starting-a-business-project-pana-3-700x700.png 700w, https:\/\/recerca.com\/wp-content\/uploads\/2023\/11\/Starting-a-business-project-pana-3-520x520.png 520w, https:\/\/recerca.com\/wp-content\/uploads\/2023\/11\/Starting-a-business-project-pana-3-360x360.png 360w, https:\/\/recerca.com\/wp-content\/uploads\/2023\/11\/Starting-a-business-project-pana-3-250x250.png 250w, https:\/\/recerca.com\/wp-content\/uploads\/2023\/11\/Starting-a-business-project-pana-3-100x100.png 100w, https:\/\/recerca.com\/wp-content\/uploads\/2023\/11\/Starting-a-business-project-pana-3.png 2000w\" sizes=\"(max-width: 1024px) 100vw, 1024px\" \/><\/figure>\n<\/div>\n\n\n\n<div class=\"wp-block-column is-layout-flow wp-block-column-is-layout-flow\"><\/div>\n<\/div>\n\n\n\n<p>Ofrecemos el dise\u00f1o, la planificaci\u00f3n, la organizaci\u00f3n y el desarrollo de ensayos cl\u00ednicos y todo tipo de estudios en las distintas \u00e1reas terap\u00e9uticas, tanto unic\u00e9ntricos como multic\u00e9ntricos.<\/p>\n\n\n\n<p>Cada proyecto es asignado a un equipo de trabajo compuesto por m\u00e9dicos especialistas, monitores, bioestad\u00edsticos y otros profesionales, cuya rigurosidad y dedicaci\u00f3n garantizan el buen desarrollo del ensayo cl\u00ednico desde sus fases m\u00e1s iniciales hasta su finalizaci\u00f3n:<\/p>\n\n\n\n<ul class=\"wp-block-list\">\n<li>Planificaci\u00f3n del proyecto de investigaci\u00f3n<\/li>\n\n\n\n<li>Elaboraci\u00f3n y producci\u00f3n del protocolo y del cuaderno de recogida de datos.<\/li>\n\n\n\n<li>Adaptaci\u00f3n a la normativa vigente<\/li>\n\n\n\n<li>Identificaci\u00f3n y calificaci\u00f3n de los investigadores pertinentes<\/li>\n\n\n\n<li>Gesti\u00f3n ante las Autoridades Sanitarias, Comit\u00e9s \u00c9ticos de<\/li>\n\n\n\n<li>Investigaci\u00f3n Cl\u00ednica, Direcci\u00f3n de Centros<\/li>\n\n\n\n<li>Organizaci\u00f3n de reuniones con investigadores y comit\u00e9s de expertos<\/li>\n\n\n\n<li>Etiquetaje, suministro y registro de dispensaci\u00f3n de la medicaci\u00f3n<\/li>\n\n\n\n<li>Monitorizaci\u00f3n y gesti\u00f3n de archivos<\/li>\n\n\n\n<li>Manejo de acontecimientos adversos graves<\/li>\n\n\n\n<li>Data management, verificaci\u00f3n y comprobaci\u00f3n de datos, elaboraci\u00f3n de queries (hojas de aclaraci\u00f3n de datos)<\/li>\n\n\n\n<li>An\u00e1lisis de resultados<\/li>\n\n\n\n<li>Informes estad\u00edsticos y cl\u00ednicos<\/li>\n\n\n\n<li>Comunicaci\u00f3n de resultados (presentaciones, p\u00f3sters y art\u00edculos cient\u00edficos)<\/li>\n\n\n\n<li>Control de calidad<\/li>\n\n\n\n<li>Gesti\u00f3n de pagos a investigadores<\/li>\n<\/ul>\n","protected":false},"excerpt":{"rendered":"<p> [&hellip;]<\/p>\n","protected":false},"author":1,"featured_media":0,"parent":0,"menu_order":0,"comment_status":"closed","ping_status":"closed","template":"","meta":{"footnotes":""},"class_list":["post-2043","page","type-page","status-publish","hentry","clearfix"],"_links":{"self":[{"href":"https:\/\/recerca.com\/index.php\/wp-json\/wp\/v2\/pages\/2043","targetHints":{"allow":["GET"]}}],"collection":[{"href":"https:\/\/recerca.com\/index.php\/wp-json\/wp\/v2\/pages"}],"about":[{"href":"https:\/\/recerca.com\/index.php\/wp-json\/wp\/v2\/types\/page"}],"author":[{"embeddable":true,"href":"https:\/\/recerca.com\/index.php\/wp-json\/wp\/v2\/users\/1"}],"replies":[{"embeddable":true,"href":"https:\/\/recerca.com\/index.php\/wp-json\/wp\/v2\/comments?post=2043"}],"version-history":[{"count":3,"href":"https:\/\/recerca.com\/index.php\/wp-json\/wp\/v2\/pages\/2043\/revisions"}],"predecessor-version":[{"id":2060,"href":"https:\/\/recerca.com\/index.php\/wp-json\/wp\/v2\/pages\/2043\/revisions\/2060"}],"wp:attachment":[{"href":"https:\/\/recerca.com\/index.php\/wp-json\/wp\/v2\/media?parent=2043"}],"curies":[{"name":"wp","href":"https:\/\/api.w.org\/{rel}","templated":true}]}}