{"id":1875,"date":"2023-11-10T15:13:52","date_gmt":"2023-11-10T14:13:52","guid":{"rendered":"https:\/\/recerca.com\/?page_id=1875"},"modified":"2023-11-10T15:13:52","modified_gmt":"2023-11-10T14:13:52","slug":"politica-de-privacidad","status":"publish","type":"page","link":"https:\/\/recerca.com\/index.php\/politica-de-privacidad\/","title":{"rendered":"Pol\u00edtica de Privacidad"},"content":{"rendered":"\n<p><strong>Recogida de datos.<\/strong><br>Para acceder al Sitio Web no necesita revelar sus datos personales. No es condici\u00f3n indispensable que nos facilite informaci\u00f3n personal para utilizar el Sitio Web, salvo que sea necesaria para suministrarle un producto o prestarle un servicio que nos solicite.<\/p>\n\n\n\n<p>Al utilizar el Sitio Web algunos datos pueden ser almacenados en nuestros servidores para distintos fines relacionados con la seguridad. Estos datos podr\u00e1n incluir el nombre de su proveedor de servicios de Internet, el sitio web que haya utilizado para conectarse con el Sitio Web, los sitios web que visita desde el Sitio Web y su direcci\u00f3n IP. Estos datos podr\u00edan posiblemente dar lugar a su identificaci\u00f3n pero no los utilizamos para ello y mantenemos el anonimato de cada usuario particular para que no se pueda identificar a la persona.<\/p>\n\n\n\n<p>En los casos en que nos preste su consentimiento para facilitar sus datos personales a terceros con la finalidad de suministrarle productos o prestarle servicios que nos haya solicitado o para otros fines para los que nos haya dado su autorizaci\u00f3n, confiamos en medios t\u00e9cnicos y organizativos para garantizar que se cumple la normativa aplicable relativa a la seguridad de los datos.<\/p>\n\n\n\n<p><strong>Recogida y tratamiento de datos personales.<\/strong><\/p>\n\n\n\n<p>Los datos personales se recogen \u00fanicamente si usted est\u00e1 dispuesto a suministrarlos, es decir, como parte del registro y a trav\u00e9s de la cumplimentaci\u00f3n de impresos, formularios o del env\u00edo de correos electr\u00f3nicos, al pasarnos un pedido de productos o servicios, al formularnos una consulta o al solicitar informaci\u00f3n sobre los materiales pedidos as\u00ed como en situaciones similares en las que haya elegido darnos esta informaci\u00f3n.<\/p>\n\n\n\n<p>La base de datos y su contenido se conservan en nuestra empresa y permanecen almacenados en procesadores de datos o servidores de terceros que act\u00faan en nuestro nombre y que son responsables ante nosotros.<br>Ni <strong>RECERCA<\/strong> ni sus agentes dar\u00e1n a conocer sus datos personales para que los utilicen terceros en forma alguna, salvo que hayamos obtenido su autorizaci\u00f3n o cuando as\u00ed lo exija la ley.<\/p>\n\n\n\n<p><strong>RECERCA<\/strong> mantendr\u00e1 el control y asumir\u00e1 la responsabilidad por el uso de todos los datos personales que nos revele. Algunos de estos datos podr\u00e1n almacenarse o tratarse en ordenadores o servidores situados en otras jurisdicciones, como pueden ser los Estados Unidos de Am\u00e9rica, cuya legislaci\u00f3n en materia de protecci\u00f3n de datos podr\u00e1 diferir de la jurisdicci\u00f3n en la que usted vive.<br>En este caso, nos aseguraremos que se establezcan las debidas protecciones para exigir que el procesador de datos de ese pa\u00eds aplique protecciones en los datos que sean equivalentes a las que son de aplicaci\u00f3n en el pa\u00eds en el que usted vive.<br><strong>RECERCA<\/strong> garantiza que ha adoptado las medidas de car\u00e1cter t\u00e9cnico y organizativo oportunas de seguridad de conformidad con lo establecido en el Real Decreto 1720\/2007, de 21 de diciembre que desarrolla la LOPD as\u00ed como la legislaci\u00f3n de obligatoria aplicaci\u00f3n contenida en el Reglamento Europeo de Protecci\u00f3n de Datos, UE 2016\/979.<\/p>\n\n\n\n<p><strong>Finalidades de uso.<\/strong><\/p>\n\n\n\n<p>Los datos que recopilemos s\u00f3lo se utilizar\u00e1n para suministrarle los productos o prestarle los servicios solicitados o para otras finalidades para los que nos haya dado su autorizaci\u00f3n, salvo que se disponga lo contrario por ley.<\/p>\n\n\n\n<p><strong>Derecho de acceso.<\/strong><\/p>\n\n\n\n<p>Tiene derecho a solicitar y obtener gratuitamente informaci\u00f3n de sus datos de car\u00e1cter personal sometidos a tratamiento, a conocer el origen de sus datos, as\u00ed como a obtener informaci\u00f3n sobre las comunicaciones realizadas o que se prev\u00e9n hacer de los mismos. Solo tiene que enviar un correo en los t\u00e9rminos que el Reglamento Europeo de Protecci\u00f3n de Datos, UE 2016\/979., a la direcci\u00f3n ARN, calle Josep Pla, 163, 3\u00ba2\u00ba, 08022 &#8211; Barcelona<\/p>\n\n\n\n<p><strong>Derecho de rectificaci\u00f3n y cancelaci\u00f3n.<\/strong><\/p>\n\n\n\n<p>Tiene derecho a que se modifiquen los datos que resulten ser inexactos o incompletos, as\u00ed como el derecho a que se supriman los datos que resulten ser inadecuados o excesivos.<\/p>\n\n\n\n<p>Para ejercitar estos derechos solo tiene que enviar un correo electr\u00f3nico en los mismos t\u00e9rminos que para ejercer el derecho de acceso.<\/p>\n\n\n\n<p><strong>Derecho de oposici\u00f3n.<\/strong><\/p>\n\n\n\n<p>Tiene derecho a que no se lleve a cabo el tratamiento de sus datos de car\u00e1cter personal o se cese en el mismo en los supuestos que determina el Reglamento Europeo de Protecci\u00f3n de Datos, UE 2016\/979.y la normativa que la desarrolla. Este derecho podr\u00e1 ejercitarlo dirigiendo un correo a la direcci\u00f3n ARN, calle Josep Pla, 163, 3\u00ba2\u00ba, 08022 &#8211; Barcelona<\/p>\n\n\n\n<p><strong>Retenci\u00f3n y tiempo de mantenimiento de datos.<\/strong><\/p>\n\n\n\n<p>S\u00f3lo retenemos datos personales durante el tiempo necesario para prestarle un servicio que nos haya solicitado o por el que nos haya dado su autorizaci\u00f3n o durante el tiempo pertinente para la finalidad para la cual hubieran sido recabados, salvo que se disponga lo contrario por ley (p. ej., en relaci\u00f3n con un litigio pendiente).<\/p>\n\n\n\n<p><strong>Uso de Cookies.<\/strong><\/p>\n\n\n\n<p>Las cookies son peque\u00f1os archivos de texto que se almacenan en el disco duro del ordenador del usuario del Sitio Web (el Usuario). Usando estas cookies es posible reconocer su navegador con la finalidad de optimizar el Sitio Web y simplificar su uso. En ning\u00fan caso los datos recogidos v\u00eda cookies ser\u00e1n utilizados con la finalidad de determinar la identidad del Usuario.<\/p>\n\n\n\n<p>La mayor\u00eda de navegadores est\u00e1n configurados de manera que aceptan la utilizaci\u00f3n de cookies autom\u00e1ticamente. Asimismo, puede desactivar en cualquier momento el almacenaje de cookies o ajustar su navegador para que le avise antes de que el cookie se almacene en su ordenador.<\/p>\n\n\n\n<p><strong>Seguridad<\/strong><\/p>\n\n\n\n<p>ARN Y SU P\u00c1GINA WEB utiliza precauciones de seguridad, t\u00e9cnicas y organizativas, para proteger sus datos de la manipulaci\u00f3n, p\u00e9rdida, destrucci\u00f3n o el acceso por personas no autorizadas.<\/p>\n\n\n\n<p>Todos los datos personales que facilite a trav\u00e9s de esta p\u00e1gina web se cifrar\u00e1n en tr\u00e1nsito para impedir su uso indebido por terceros. Nuestros procedimientos de seguridad se revisan continuamente con nuevos desarrollos tecnol\u00f3gicos.<br>Ni\u00f1o(a)s<\/p>\n\n\n\n<p>Dada la importancia que reviste proteger la privacidad de lo(a)s ni\u00f1o(a)s, no recogemos, tratamos ni utilizamos en el Sitio Web informaci\u00f3n alguna relativa a un particular que sepamos que tiene menos de 13 a\u00f1os sin la previa autorizaci\u00f3n verificable de su representante legal.<br>Para proceder a obtener la autorizaci\u00f3n a que hace referencia el apartado anterior procederemos a recabar los datos de identidad y direcci\u00f3n del padre, madre o tutor. Este representante legal tiene derecho, previa solicitud, a visualizar la informaci\u00f3n que el (la) ni\u00f1o(a) nos haya facilitado y a solicitar que se elimine.<\/p>\n\n\n\n<p>Contactos<\/p>\n\n\n\n<p>Si tiene cualquier problema o pregunta, por favor, contacte con nosotros a trav\u00e9s del correo postal ya indicado.<br>El constante desarrollo de Internet requiere ajustes ocasionales de nuestra declaraci\u00f3n de privacidad. Nos reservamos el derecho de hacer los cambios cuando sean necesarios y sin necesidad de previo aviso.<\/p>\n","protected":false},"excerpt":{"rendered":"<p> [&hellip;]<\/p>\n","protected":false},"author":1,"featured_media":0,"parent":0,"menu_order":0,"comment_status":"closed","ping_status":"closed","template":"","meta":{"footnotes":""},"class_list":["post-1875","page","type-page","status-publish","hentry","clearfix"],"_links":{"self":[{"href":"https:\/\/recerca.com\/index.php\/wp-json\/wp\/v2\/pages\/1875","targetHints":{"allow":["GET"]}}],"collection":[{"href":"https:\/\/recerca.com\/index.php\/wp-json\/wp\/v2\/pages"}],"about":[{"href":"https:\/\/recerca.com\/index.php\/wp-json\/wp\/v2\/types\/page"}],"author":[{"embeddable":true,"href":"https:\/\/recerca.com\/index.php\/wp-json\/wp\/v2\/users\/1"}],"replies":[{"embeddable":true,"href":"https:\/\/recerca.com\/index.php\/wp-json\/wp\/v2\/comments?post=1875"}],"version-history":[{"count":2,"href":"https:\/\/recerca.com\/index.php\/wp-json\/wp\/v2\/pages\/1875\/revisions"}],"predecessor-version":[{"id":1907,"href":"https:\/\/recerca.com\/index.php\/wp-json\/wp\/v2\/pages\/1875\/revisions\/1907"}],"wp:attachment":[{"href":"https:\/\/recerca.com\/index.php\/wp-json\/wp\/v2\/media?parent=1875"}],"curies":[{"name":"wp","href":"https:\/\/api.w.org\/{rel}","templated":true}]}}