{"id":1873,"date":"2023-11-10T15:12:56","date_gmt":"2023-11-10T14:12:56","guid":{"rendered":"https:\/\/recerca.com\/?page_id=1873"},"modified":"2023-11-14T12:33:32","modified_gmt":"2023-11-14T11:33:32","slug":"productos","status":"publish","type":"page","link":"https:\/\/recerca.com\/index.php\/productos\/","title":{"rendered":"Productos"},"content":{"rendered":"\t\t<div data-elementor-type=\"wp-page\" data-elementor-id=\"1873\" class=\"elementor elementor-1873\">\n\t\t\t\t\t\t\t<div class=\"elementor-element elementor-element-3e456146 e-flex e-con-boxed e-con e-parent\" data-id=\"3e456146\" data-element_type=\"container\" data-settings=\"{&quot;content_width&quot;:&quot;boxed&quot;}\" data-core-v316-plus=\"true\">\n\t\t\t\t\t<div class=\"e-con-inner\">\n\t\t\t\t<div class=\"elementor-element elementor-element-6456da84 elementor-widget elementor-widget-text-editor\" data-id=\"6456da84\" data-element_type=\"widget\" data-widget_type=\"text-editor.default\">\n\t\t\t\t<div class=\"elementor-widget-container\">\n\t\t\t<style>\/*! elementor - v3.18.0 - 20-12-2023 *\/\n.elementor-widget-text-editor.elementor-drop-cap-view-stacked .elementor-drop-cap{background-color:#69727d;color:#fff}.elementor-widget-text-editor.elementor-drop-cap-view-framed .elementor-drop-cap{color:#69727d;border:3px solid;background-color:transparent}.elementor-widget-text-editor:not(.elementor-drop-cap-view-default) .elementor-drop-cap{margin-top:8px}.elementor-widget-text-editor:not(.elementor-drop-cap-view-default) .elementor-drop-cap-letter{width:1em;height:1em}.elementor-widget-text-editor .elementor-drop-cap{float:left;text-align:center;line-height:1;font-size:50px}.elementor-widget-text-editor .elementor-drop-cap-letter{display:inline-block}<\/style>\t\t\t\t<!-- wp:columns -->\n<div class=\"wp-block-columns\"><!-- wp:column -->\n<div class=\"wp-block-column\">\u00a0<\/div>\n<!-- \/wp:column --><!-- wp:column -->\n<div class=\"wp-block-column\"><!-- wp:image {\"id\":2163,\"sizeSlug\":\"large\",\"linkDestination\":\"none\"} -->\n<figure class=\"wp-block-image size-large\"><img fetchpriority=\"high\" decoding=\"async\" width=\"1024\" height=\"1024\" class=\"wp-image-2163\" src=\"https:\/\/recerca.com\/wp-content\/uploads\/2023\/11\/Mental-health-amico-1024x1024.png\" alt=\"\" srcset=\"https:\/\/recerca.com\/wp-content\/uploads\/2023\/11\/Mental-health-amico-1024x1024.png 1024w, https:\/\/recerca.com\/wp-content\/uploads\/2023\/11\/Mental-health-amico-300x300.png 300w, https:\/\/recerca.com\/wp-content\/uploads\/2023\/11\/Mental-health-amico-150x150.png 150w, https:\/\/recerca.com\/wp-content\/uploads\/2023\/11\/Mental-health-amico-768x768.png 768w, https:\/\/recerca.com\/wp-content\/uploads\/2023\/11\/Mental-health-amico-1536x1536.png 1536w, https:\/\/recerca.com\/wp-content\/uploads\/2023\/11\/Mental-health-amico-700x700.png 700w, https:\/\/recerca.com\/wp-content\/uploads\/2023\/11\/Mental-health-amico-520x520.png 520w, https:\/\/recerca.com\/wp-content\/uploads\/2023\/11\/Mental-health-amico-360x360.png 360w, https:\/\/recerca.com\/wp-content\/uploads\/2023\/11\/Mental-health-amico-250x250.png 250w, https:\/\/recerca.com\/wp-content\/uploads\/2023\/11\/Mental-health-amico-100x100.png 100w, https:\/\/recerca.com\/wp-content\/uploads\/2023\/11\/Mental-health-amico.png 2000w\" sizes=\"(max-width: 1024px) 100vw, 1024px\" \/><\/figure>\n<!-- \/wp:image --><\/div>\n<!-- \/wp:column --><!-- wp:column -->\n<div class=\"wp-block-column\">\u00a0<\/div>\n<!-- \/wp:column --><\/div>\n<!-- \/wp:columns --><!-- wp:paragraph -->\n<p>Elaboramos presentaciones din\u00e1micas\u00a0que permitan infundir en los participantes la importancia de que la investigaci\u00f3n constante sea parte activa de su pr\u00e1ctica cl\u00ednica\u00a0habitual.<\/p>\n<!-- \/wp:paragraph --><!-- wp:paragraph -->\n<p><strong>RECERCA.COM <\/strong>es la\u00a0divisi\u00f3n de marketing cl\u00ednico farmac\u00e9utico de <a href=\"https:\/\/ghdatascience.com\/about\/\"><strong>GREENHOUSE Data Science<\/strong><\/a>, y atiende las demandas del mercado con productos de servicio como:<\/p>\n<!-- \/wp:paragraph --><!-- wp:paragraph -->\n<p><strong>APV, \u201cAcci\u00f3n en Punto de Venta\u201d:<\/strong> un dise\u00f1o creado para hacer la farmacia un centro activo de investigaci\u00f3n, el resultado de esta experiencia ha supuesto un \u00e9xito en la implementaci\u00f3n de una relaci\u00f3n de 360\u00ba. Ideal para complementos alimenticios y\u00a0 OTC\u00a0 entre otros.<\/p>\n<!-- \/wp:paragraph --><!-- wp:paragraph -->\n<p><strong>EFS, \u00abEstudio Full Service\u00bb: <\/strong>los consumidores de productos dermocosm\u00e9ticos esperan obtener los beneficios de su uso y es importante avalarlos con resultados mesurables.<\/p>\n<!-- \/wp:paragraph --><!-- wp:paragraph -->\n<p>Los estudios dise\u00f1ados con objetivos claros desde su inicio nos permiten obtener datos que corroboran la seguridad y eficacia de cada producto. La realizaci\u00f3n de estos estudios significa cumplir con toda la normativa regulatoria de seguimiento de est\u00e1ndares de calidad de la EU.<\/p>\n<!-- \/wp:paragraph --><!-- wp:paragraph -->\n<p><strong>RDC, \u201cRegistro de Datos Centralizado\u201d: <\/strong>es un servicio creado desde nuestra plataforma \u201con line\u201d multiling\u00fce para mantener el seguimiento controlado de Medical Devices enmarcados en el protocolo habitual de la pr\u00e1ctica cl\u00ednica.<\/p>\n<!-- \/wp:paragraph --><!-- wp:paragraph -->\n<p>Lo caracterizan su flexibilidad en la inclusi\u00f3n de centros, la capacidad internacional y su posibilidad de prolongarse en el tiempo seg\u00fan la necesidad de seguimiento de cada producto.<\/p>\n<!-- \/wp:paragraph --><!-- wp:paragraph -->\n<p><strong>EDV, \u00abEstudio DELPHI Virtual\u00bb: <\/strong>consiste en una metodolog\u00eda de investigaci\u00f3n comparativa que desarrollamos en plataforma <em>\u201con-line\u201d.\u00a0<\/em>Se realiza en funci\u00f3n de los objetivos de investigaci\u00f3n que defina el cliente, bajo la normativa est\u00e1ndar de la metodolog\u00eda DELPHI.<\/p>\n<!-- \/wp:paragraph -->\t\t\t\t\t\t<\/div>\n\t\t\t\t<\/div>\n\t\t\t\t\t<\/div>\n\t\t\t\t<\/div>\n\t\t\t\t\t\t\t<\/div>\n\t\t","protected":false},"excerpt":{"rendered":"<p> [&hellip;]<\/p>\n","protected":false},"author":1,"featured_media":0,"parent":0,"menu_order":0,"comment_status":"closed","ping_status":"closed","template":"","meta":{"footnotes":""},"class_list":["post-1873","page","type-page","status-publish","hentry","clearfix"],"_links":{"self":[{"href":"https:\/\/recerca.com\/index.php\/wp-json\/wp\/v2\/pages\/1873","targetHints":{"allow":["GET"]}}],"collection":[{"href":"https:\/\/recerca.com\/index.php\/wp-json\/wp\/v2\/pages"}],"about":[{"href":"https:\/\/recerca.com\/index.php\/wp-json\/wp\/v2\/types\/page"}],"author":[{"embeddable":true,"href":"https:\/\/recerca.com\/index.php\/wp-json\/wp\/v2\/users\/1"}],"replies":[{"embeddable":true,"href":"https:\/\/recerca.com\/index.php\/wp-json\/wp\/v2\/comments?post=1873"}],"version-history":[{"count":5,"href":"https:\/\/recerca.com\/index.php\/wp-json\/wp\/v2\/pages\/1873\/revisions"}],"predecessor-version":[{"id":2190,"href":"https:\/\/recerca.com\/index.php\/wp-json\/wp\/v2\/pages\/1873\/revisions\/2190"}],"wp:attachment":[{"href":"https:\/\/recerca.com\/index.php\/wp-json\/wp\/v2\/media?parent=1873"}],"curies":[{"name":"wp","href":"https:\/\/api.w.org\/{rel}","templated":true}]}}