{"id":1869,"date":"2023-11-10T15:10:59","date_gmt":"2023-11-10T14:10:59","guid":{"rendered":"https:\/\/recerca.com\/?page_id=1869"},"modified":"2023-11-14T12:29:51","modified_gmt":"2023-11-14T11:29:51","slug":"experiencia","status":"publish","type":"page","link":"https:\/\/recerca.com\/index.php\/experiencia\/","title":{"rendered":"Experiencia"},"content":{"rendered":"\t\t<div data-elementor-type=\"wp-page\" data-elementor-id=\"1869\" class=\"elementor elementor-1869\">\n\t\t\t\t\t\t\t<div class=\"elementor-element elementor-element-4e114ede e-flex e-con-boxed e-con e-parent\" data-id=\"4e114ede\" data-element_type=\"container\" data-settings=\"{&quot;content_width&quot;:&quot;boxed&quot;}\" data-core-v316-plus=\"true\">\n\t\t\t\t\t<div class=\"e-con-inner\">\n\t\t\t\t<div class=\"elementor-element elementor-element-776dcfa8 elementor-widget elementor-widget-text-editor\" data-id=\"776dcfa8\" data-element_type=\"widget\" data-widget_type=\"text-editor.default\">\n\t\t\t\t<div class=\"elementor-widget-container\">\n\t\t\t<style>\/*! elementor - v3.18.0 - 20-12-2023 *\/\n.elementor-widget-text-editor.elementor-drop-cap-view-stacked .elementor-drop-cap{background-color:#69727d;color:#fff}.elementor-widget-text-editor.elementor-drop-cap-view-framed .elementor-drop-cap{color:#69727d;border:3px solid;background-color:transparent}.elementor-widget-text-editor:not(.elementor-drop-cap-view-default) .elementor-drop-cap{margin-top:8px}.elementor-widget-text-editor:not(.elementor-drop-cap-view-default) .elementor-drop-cap-letter{width:1em;height:1em}.elementor-widget-text-editor .elementor-drop-cap{float:left;text-align:center;line-height:1;font-size:50px}.elementor-widget-text-editor .elementor-drop-cap-letter{display:inline-block}<\/style>\t\t\t\t<!-- wp:paragraph -->\n<p>En RECERCA.COM brindamos experiencia, calidad y confianza.<\/p>\n<!-- \/wp:paragraph --><!-- wp:paragraph -->\n<p>Desde 1989 hemos trabajado sin interrupciones para llevar adelante con \u00e9tica y rigurosidad cient\u00edfica diversos proyectos de investigaci\u00f3n en las distintas especialidades m\u00e9dicas.<\/p>\n<!-- \/wp:paragraph --><!-- wp:paragraph -->\n<p>Podemos afirmar que nuestra trayectoria nos permite ofrecer el apoyo necesario para obtener el m\u00e1ximo rendimiento de cualquier programa de investigaci\u00f3n con costes adecuados al mercado.<\/p>\n<!-- \/wp:paragraph --><!-- wp:paragraph -->\n<p>RECERCA.COM es experiencia e innovaci\u00f3n al servicio de la ciencia.<\/p>\n<!-- \/wp:paragraph --><!-- wp:image {\"align\":\"center\",\"id\":498} -->\n<figure class=\"wp-block-image aligncenter\"><img fetchpriority=\"high\" decoding=\"async\" width=\"1024\" height=\"687\" class=\"wp-image-498\" title=\"Experiencia\" src=\"http:\/\/arnhealthcare.com\/wp-content\/uploads\/2019\/01\/mapa_EXPER-1024x687.png\" alt=\"\" srcset=\"https:\/\/recerca.com\/wp-content\/uploads\/2019\/01\/mapa_EXPER-1024x687.png 1024w, https:\/\/recerca.com\/wp-content\/uploads\/2019\/01\/mapa_EXPER-300x201.png 300w, https:\/\/recerca.com\/wp-content\/uploads\/2019\/01\/mapa_EXPER-768x515.png 768w, https:\/\/recerca.com\/wp-content\/uploads\/2019\/01\/mapa_EXPER-1536x1030.png 1536w, https:\/\/recerca.com\/wp-content\/uploads\/2019\/01\/mapa_EXPER-2048x1373.png 2048w\" sizes=\"(max-width: 1024px) 100vw, 1024px\" \/><\/figure>\n<!-- \/wp:image -->\t\t\t\t\t\t<\/div>\n\t\t\t\t<\/div>\n\t\t\t\t\t<\/div>\n\t\t\t\t<\/div>\n\t\t\t\t\t\t\t<\/div>\n\t\t","protected":false},"excerpt":{"rendered":"<p> [&hellip;]<\/p>\n","protected":false},"author":1,"featured_media":0,"parent":0,"menu_order":0,"comment_status":"closed","ping_status":"closed","template":"","meta":{"footnotes":""},"class_list":["post-1869","page","type-page","status-publish","hentry","clearfix"],"_links":{"self":[{"href":"https:\/\/recerca.com\/index.php\/wp-json\/wp\/v2\/pages\/1869","targetHints":{"allow":["GET"]}}],"collection":[{"href":"https:\/\/recerca.com\/index.php\/wp-json\/wp\/v2\/pages"}],"about":[{"href":"https:\/\/recerca.com\/index.php\/wp-json\/wp\/v2\/types\/page"}],"author":[{"embeddable":true,"href":"https:\/\/recerca.com\/index.php\/wp-json\/wp\/v2\/users\/1"}],"replies":[{"embeddable":true,"href":"https:\/\/recerca.com\/index.php\/wp-json\/wp\/v2\/comments?post=1869"}],"version-history":[{"count":4,"href":"https:\/\/recerca.com\/index.php\/wp-json\/wp\/v2\/pages\/1869\/revisions"}],"predecessor-version":[{"id":2187,"href":"https:\/\/recerca.com\/index.php\/wp-json\/wp\/v2\/pages\/1869\/revisions\/2187"}],"wp:attachment":[{"href":"https:\/\/recerca.com\/index.php\/wp-json\/wp\/v2\/media?parent=1869"}],"curies":[{"name":"wp","href":"https:\/\/api.w.org\/{rel}","templated":true}]}}